{"id":301,"date":"2024-08-09T12:08:28","date_gmt":"2024-08-09T10:08:28","guid":{"rendered":"https:\/\/2024.groupegz.fr\/?page_id=301"},"modified":"2024-08-09T12:39:34","modified_gmt":"2024-08-09T10:39:34","slug":"action-coach","status":"publish","type":"page","link":"https:\/\/groupegz.fr\/index.php\/action-coach\/","title":{"rendered":"Action Coach"},"content":{"rendered":"\t\t<div data-elementor-type=\"wp-page\" data-elementor-id=\"301\" class=\"elementor elementor-301\">\n\t\t\t\t<div class=\"elementor-element elementor-element-2c1facd e-con-full e-flex e-con e-parent\" data-id=\"2c1facd\" data-element_type=\"container\" data-e-type=\"container\">\n\t\t<div class=\"elementor-element elementor-element-a0f6229 e-con-full e-flex e-con e-child\" data-id=\"a0f6229\" data-element_type=\"container\" data-e-type=\"container\">\n\t\t\t\t<div class=\"elementor-element elementor-element-a6b34b6 elementor-widget elementor-widget-image\" data-id=\"a6b34b6\" data-element_type=\"widget\" data-e-type=\"widget\" data-widget_type=\"image.default\">\n\t\t\t\t<div class=\"elementor-widget-container\">\n\t\t\t\t\t\t\t\t\t\t\t\t\t\t\t<img fetchpriority=\"high\" decoding=\"async\" width=\"592\" height=\"1024\" src=\"https:\/\/groupegz.fr\/wp-content\/uploads\/2024\/08\/alexis-1-592x1024.jpg\" class=\"attachment-large size-large wp-image-307\" alt=\"\" srcset=\"https:\/\/groupegz.fr\/wp-content\/uploads\/2024\/08\/alexis-1-592x1024.jpg 592w, https:\/\/groupegz.fr\/wp-content\/uploads\/2024\/08\/alexis-1-173x300.jpg 173w, https:\/\/groupegz.fr\/wp-content\/uploads\/2024\/08\/alexis-1-768x1330.jpg 768w, https:\/\/groupegz.fr\/wp-content\/uploads\/2024\/08\/alexis-1-887x1536.jpg 887w, https:\/\/groupegz.fr\/wp-content\/uploads\/2024\/08\/alexis-1-1183x2048.jpg 1183w, https:\/\/groupegz.fr\/wp-content\/uploads\/2024\/08\/alexis-1.jpg 1421w\" sizes=\"(max-width: 592px) 100vw, 592px\" \/>\t\t\t\t\t\t\t\t\t\t\t\t\t\t\t<\/div>\n\t\t\t\t<\/div>\n\t\t\t\t<\/div>\n\t\t<div class=\"elementor-element elementor-element-662639d e-con-full e-flex e-con e-child\" data-id=\"662639d\" data-element_type=\"container\" data-e-type=\"container\">\n\t\t\t\t<div class=\"elementor-element elementor-element-cc1315c elementor-widget elementor-widget-image\" data-id=\"cc1315c\" data-element_type=\"widget\" data-e-type=\"widget\" data-widget_type=\"image.default\">\n\t\t\t\t<div class=\"elementor-widget-container\">\n\t\t\t\t\t\t\t\t\t\t\t\t\t\t\t<img decoding=\"async\" width=\"684\" height=\"262\" src=\"https:\/\/groupegz.fr\/wp-content\/uploads\/2024\/08\/acegz.png\" class=\"attachment-large size-large wp-image-309\" alt=\"\" srcset=\"https:\/\/groupegz.fr\/wp-content\/uploads\/2024\/08\/acegz.png 684w, https:\/\/groupegz.fr\/wp-content\/uploads\/2024\/08\/acegz-300x115.png 300w\" sizes=\"(max-width: 684px) 100vw, 684px\" \/>\t\t\t\t\t\t\t\t\t\t\t\t\t\t\t<\/div>\n\t\t\t\t<\/div>\n\t\t<div class=\"elementor-element elementor-element-9f1e88b e-con-full e-flex e-con e-child\" data-id=\"9f1e88b\" data-element_type=\"container\" data-e-type=\"container\">\n\t\t\t\t<div class=\"elementor-element elementor-element-56003db elementor-widget elementor-widget-text-editor\" data-id=\"56003db\" data-element_type=\"widget\" data-e-type=\"widget\" data-widget_type=\"text-editor.default\">\n\t\t\t\t<div class=\"elementor-widget-container\">\n\t\t\t\t\t\t\t\t\t<p>groupegz \u00e9toffe ses services, en partenariat avec ActionCOACH. En coh\u00e9rence avec notre vision de l\u2019entrepreneuriat, il m\u2019est apparu comme une \u00e9vidence qu\u2019un partenariat avec ActionCOACH, dont je partage la philosophie et les valeurs, conf\u00e8rerait \u00e0 nos clients un avantage concurrentiel consid\u00e9rable.<\/p><p>Ce partenariat r\u00e9pond aux ambitions de bon nombre d\u2019entrepreneurs : devenir meilleurs, performer, mais aussi construire et p\u00e9renniser un environnement professionnel \u00e9panouissant pour tous.<\/p><p>Ce partenariat entre groupegz et ActionCOACH, au travers de programmes pratiques de business coaching, individuels et collectifs :<\/p><ul><li><span style=\"color: var( --e-global-color-text ); font-family: var( --e-global-typography-text-font-family ), Sans-serif; font-weight: var( --e-global-typography-text-font-weight );\">repousse les limites<\/span><\/li><li>ouvre d\u2019autres horizons&#8230;<\/li><\/ul><p>Et va permettre \u00e0 tous les entrepreneurs qui le souhaitent de franchir un nouveau cap en grandissant et en faisant grandir l\u2019entreprise, coach\u00e9s et accompagn\u00e9s pas \u00e0 pas.<\/p><p>Cette ambition, je la porte ici et elle m\u2019engage puisque, dans le cadre de ce partenariat, je prends la co-direction d\u2019ActionCOACH Paris.<\/p><p>Ce partenariat ouvre de formidables perspectives pour nos clients entrepreneurs et acte une nouvelle \u00e9tape pour groupegz dont la volont\u00e9 est d\u2019\u00eatre un acteur majeur de la croissance des entreprises et de la qualit\u00e9 de vie de leurs dirigeants.<\/p><p>A bient\u00f4t, merci de votre confiance. Alexis<\/p>\t\t\t\t\t\t\t\t<\/div>\n\t\t\t\t<\/div>\n\t\t\t\t<\/div>\n\t\t\t\t<\/div>\n\t\t<div class=\"elementor-element elementor-element-ba93c83 e-con-full e-flex e-con e-child\" data-id=\"ba93c83\" data-element_type=\"container\" data-e-type=\"container\">\n\t\t\t\t<div class=\"elementor-element elementor-element-2d21eb0 elementor-widget elementor-widget-image\" data-id=\"2d21eb0\" data-element_type=\"widget\" data-e-type=\"widget\" data-widget_type=\"image.default\">\n\t\t\t\t<div class=\"elementor-widget-container\">\n\t\t\t\t\t\t\t\t\t\t\t\t\t\t\t<img decoding=\"async\" width=\"843\" height=\"562\" src=\"https:\/\/groupegz.fr\/wp-content\/uploads\/2024\/08\/capture2-1024x683.jpg\" class=\"attachment-large size-large wp-image-305\" alt=\"\" srcset=\"https:\/\/groupegz.fr\/wp-content\/uploads\/2024\/08\/capture2-1024x683.jpg 1024w, https:\/\/groupegz.fr\/wp-content\/uploads\/2024\/08\/capture2-300x200.jpg 300w, https:\/\/groupegz.fr\/wp-content\/uploads\/2024\/08\/capture2-768x512.jpg 768w, https:\/\/groupegz.fr\/wp-content\/uploads\/2024\/08\/capture2-1536x1024.jpg 1536w\" sizes=\"(max-width: 843px) 100vw, 843px\" \/>\t\t\t\t\t\t\t\t\t\t\t\t\t\t\t<\/div>\n\t\t\t\t<\/div>\n\t\t<div class=\"elementor-element elementor-element-de6dd7c e-con-full e-flex e-con e-child\" data-id=\"de6dd7c\" data-element_type=\"container\" data-e-type=\"container\">\n\t\t\t\t<div class=\"elementor-element elementor-element-ef42019 elementor-widget elementor-widget-image\" data-id=\"ef42019\" data-element_type=\"widget\" data-e-type=\"widget\" data-widget_type=\"image.default\">\n\t\t\t\t<div class=\"elementor-widget-container\">\n\t\t\t\t\t\t\t\t\t\t\t\t\t\t\t\t<a href=\"https:\/\/paris-actioncoach.eu\/\" target=\"_blank\">\n\t\t\t\t\t\t\t<img loading=\"lazy\" decoding=\"async\" width=\"592\" height=\"142\" src=\"https:\/\/groupegz.fr\/wp-content\/uploads\/2024\/08\/logo_action_coach-2.png\" class=\"attachment-large size-large wp-image-306\" alt=\"\" srcset=\"https:\/\/groupegz.fr\/wp-content\/uploads\/2024\/08\/logo_action_coach-2.png 592w, https:\/\/groupegz.fr\/wp-content\/uploads\/2024\/08\/logo_action_coach-2-300x72.png 300w\" sizes=\"(max-width: 592px) 100vw, 592px\" \/>\t\t\t\t\t\t\t\t<\/a>\n\t\t\t\t\t\t\t\t\t\t\t\t\t\t\t<\/div>\n\t\t\t\t<\/div>\n\t\t\t\t<\/div>\n\t\t<div class=\"elementor-element elementor-element-8627524 e-con-full e-flex e-con e-child\" data-id=\"8627524\" data-element_type=\"container\" data-e-type=\"container\">\n\t\t\t\t<div class=\"elementor-element elementor-element-d5fd839 elementor-widget__width-initial elementor-widget elementor-widget-text-editor\" data-id=\"d5fd839\" data-element_type=\"widget\" data-e-type=\"widget\" data-widget_type=\"text-editor.default\">\n\t\t\t\t<div class=\"elementor-widget-container\">\n\t\t\t\t\t\t\t\t\t<p><span class=\"point-1\">\u2022<\/span><a class=\"mr-5\" href=\"https:\/\/paris-actioncoach.eu\/\" target=\"_blank\" rel=\"noopener\">ActionCOACH Paris<\/a>\u00a0 \u00a0<span class=\"point-1\">\u2022<\/span><a class=\"mr-5\" href=\"https:\/\/paris-actioncoach.eu\/qui-sommes-nous\/lequipe\/nos-coachs\/\" target=\"_blank\" rel=\"noopener\">L\u2019\u00e9quipe<\/a>\u00a0 \u00a0<span class=\"point-1\">\u2022<\/span><a class=\"mr-5\" href=\"https:\/\/paris-actioncoach.eu\/notre-metier\/\" target=\"_blank\" rel=\"noopener\">Notre M\u00e9tier<\/a>\u00a0\u00a0<span class=\"point-1\">\u2022<\/span><a class=\"mr-5\" href=\"https:\/\/paris-actioncoach.eu\/nos-promesses\/\" target=\"_blank\" rel=\"noopener\">Nos promesses<\/a>\u00a0 \u00a0<span class=\"point-1\">\u2022<\/span><a class=\"mr-5\" href=\"https:\/\/paris-actioncoach.eu\/nos-programmes\/\" target=\"_blank\" rel=\"noopener\">Nos programmes<\/a>\u00a0 \u00a0<span class=\"point-1\">\u2022<\/span><a class=\"mr-5\" href=\"\/#contact\" target=\"_blank\" rel=\"noopener\">Nous contacter<\/a><\/p>\t\t\t\t\t\t\t\t<\/div>\n\t\t\t\t<\/div>\n\t\t<div class=\"elementor-element elementor-element-2a798cb e-con-full e-flex e-con e-child\" data-id=\"2a798cb\" data-element_type=\"container\" data-e-type=\"container\">\n\t\t\t\t<div class=\"elementor-element elementor-element-3b65628 elementor-widget elementor-widget-image\" data-id=\"3b65628\" data-element_type=\"widget\" data-e-type=\"widget\" data-widget_type=\"image.default\">\n\t\t\t\t<div class=\"elementor-widget-container\">\n\t\t\t\t\t\t\t\t\t\t\t\t\t\t\t<img loading=\"lazy\" decoding=\"async\" width=\"843\" height=\"463\" src=\"https:\/\/groupegz.fr\/wp-content\/uploads\/2024\/08\/capture1-1024x563.png\" class=\"attachment-large size-large wp-image-304\" alt=\"\" srcset=\"https:\/\/groupegz.fr\/wp-content\/uploads\/2024\/08\/capture1-1024x563.png 1024w, https:\/\/groupegz.fr\/wp-content\/uploads\/2024\/08\/capture1-300x165.png 300w, https:\/\/groupegz.fr\/wp-content\/uploads\/2024\/08\/capture1-768x422.png 768w, https:\/\/groupegz.fr\/wp-content\/uploads\/2024\/08\/capture1-1536x844.png 1536w, https:\/\/groupegz.fr\/wp-content\/uploads\/2024\/08\/capture1-2048x1125.png 2048w\" sizes=\"(max-width: 843px) 100vw, 843px\" \/>\t\t\t\t\t\t\t\t\t\t\t\t\t\t\t<\/div>\n\t\t\t\t<\/div>\n\t\t\t\t<\/div>\n\t\t\t\t<\/div>\n\t\t\t\t<\/div>\n\t\t\t\t<\/div>\n\t\t\t\t<\/div>\n\t\t","protected":false},"excerpt":{"rendered":"<p>groupegz \u00e9toffe ses services, en partenariat avec ActionCOACH. En coh\u00e9rence avec notre vision de l\u2019entrepreneuriat, il m\u2019est apparu comme une \u00e9vidence qu\u2019un partenariat avec ActionCOACH,&hellip;<\/p>\n","protected":false},"author":2,"featured_media":0,"parent":0,"menu_order":0,"comment_status":"closed","ping_status":"closed","template":"","meta":{"footnotes":""},"class_list":["post-301","page","type-page","status-publish","hentry"],"_links":{"self":[{"href":"https:\/\/groupegz.fr\/index.php\/wp-json\/wp\/v2\/pages\/301","targetHints":{"allow":["GET"]}}],"collection":[{"href":"https:\/\/groupegz.fr\/index.php\/wp-json\/wp\/v2\/pages"}],"about":[{"href":"https:\/\/groupegz.fr\/index.php\/wp-json\/wp\/v2\/types\/page"}],"author":[{"embeddable":true,"href":"https:\/\/groupegz.fr\/index.php\/wp-json\/wp\/v2\/users\/2"}],"replies":[{"embeddable":true,"href":"https:\/\/groupegz.fr\/index.php\/wp-json\/wp\/v2\/comments?post=301"}],"version-history":[{"count":16,"href":"https:\/\/groupegz.fr\/index.php\/wp-json\/wp\/v2\/pages\/301\/revisions"}],"predecessor-version":[{"id":330,"href":"https:\/\/groupegz.fr\/index.php\/wp-json\/wp\/v2\/pages\/301\/revisions\/330"}],"wp:attachment":[{"href":"https:\/\/groupegz.fr\/index.php\/wp-json\/wp\/v2\/media?parent=301"}],"curies":[{"name":"wp","href":"https:\/\/api.w.org\/{rel}","templated":true}]}}